{"id":3,"date":"2022-05-19T01:46:25","date_gmt":"2022-05-19T06:46:25","guid":{"rendered":"https:\/\/traindevolution.com\/internacional\/?page_id=3"},"modified":"2022-07-11T18:46:51","modified_gmt":"2022-07-11T23:46:51","slug":"politica-de-datos","status":"publish","type":"page","link":"https:\/\/traindevolution.com\/internacional\/politica-de-datos\/","title":{"rendered":"politica de datos"},"content":{"rendered":"\t\t<div data-elementor-type=\"wp-page\" data-elementor-id=\"3\" class=\"elementor elementor-3\" data-elementor-post-type=\"page\">\n\t\t\t\t\t\t<section class=\"elementor-section elementor-top-section elementor-element elementor-element-6ce00276 elementor-section-height-min-height elementor-section-boxed elementor-section-height-default elementor-section-items-middle\" data-id=\"6ce00276\" data-element_type=\"section\" data-e-type=\"section\">\n\t\t\t\t\t\t<div class=\"elementor-container elementor-column-gap-default\">\n\t\t\t\t\t<div class=\"elementor-column elementor-col-100 elementor-top-column elementor-element elementor-element-588878f6\" data-id=\"588878f6\" data-element_type=\"column\" data-e-type=\"column\">\n\t\t\t<div class=\"elementor-widget-wrap elementor-element-populated\">\n\t\t\t\t\t\t<div class=\"elementor-element elementor-element-4022d16 elementor-widget elementor-widget-heading\" data-id=\"4022d16\" data-element_type=\"widget\" data-e-type=\"widget\" data-widget_type=\"heading.default\">\n\t\t\t\t<div class=\"elementor-widget-container\">\n\t\t\t\t\t<h2 class=\"elementor-heading-title elementor-size-default\">POL\u00cdTICA DE TRATAMIENTO DE DATOS\nTRAIND EVOLUTION\n<\/h2>\t\t\t\t<\/div>\n\t\t\t\t<\/div>\n\t\t\t\t<div class=\"elementor-element elementor-element-f066cc5 elementor-widget elementor-widget-text-editor\" data-id=\"f066cc5\" data-element_type=\"widget\" data-e-type=\"widget\" data-widget_type=\"text-editor.default\">\n\t\t\t\t<div class=\"elementor-widget-container\">\n\t\t\t\t\t\t\t\t\t<p><strong>TRAIND EVOLUTION<\/strong> se compromete a conservar tu confianza al respetar y proteger tu privacidad. Esta Pol\u00edtica de Privacidad describe por qu\u00e9 y c\u00f3mo recopilamos, usamos, compartimos y protegemos la informaci\u00f3n personal recopilada de y sobre nuestros usuarios. Esta Pol\u00edtica de Privacidad tambi\u00e9n explica tus opciones sobre c\u00f3mo compartimos tu informaci\u00f3n personal y c\u00f3mo nos comunicamos contigo, c\u00f3mo puedes solicitar acceso a tu informaci\u00f3n personal o solicitar que la corrijan, y otras consideraciones importantes.\u00a0\u00a0<\/p>\n<p>\u00a0<\/p>\n<p><strong>GLOSARIO\u00a0<\/strong><\/p>\n<p>\u00a0<\/p>\n<p>A fin de facilitar la lectura de la presente pol\u00edtica se establece este glosario, que busca unificar conceptos los cuales deber\u00e1n ser entendidos con el significado que a continuaci\u00f3n se indica, as\u00ed:\u00a0<\/p>\n<p>\u00a0<\/p>\n<ol>\n<li>Autorizaci\u00f3n: Consentimiento previo, expreso e informado del titular para llevar a cabo el Tratamiento de datos personales.\u00a0<\/li>\n<\/ol>\n<p>\u00a0<\/p>\n<ol start=\"2\">\n<li>Base de datos: Conjunto organizado de datos personales que sea objeto de Tratamiento. La norma peruana lo define como Banco de Datos Personales.\u00a0<\/li>\n<\/ol>\n<p>\u00a0<\/p>\n<ol start=\"3\">\n<li>Usuario: persona que utiliza el producto y\/o servicio suministrado por <strong>TRAIND EVOLUTION <\/strong>en virtud del plan adquirido a trav\u00e9s de suscripci\u00f3n a la plataforma.<\/li>\n<\/ol>\n<p>\u00a0<\/p>\n<ol start=\"4\">\n<li>Datos personales: Cualquier informaci\u00f3n vinculada o que pueda asociarse a una o varias personas naturales determinadas o determinables.\u00a0<\/li>\n<\/ol>\n<p>\u00a0<\/p>\n<ol start=\"5\">\n<li>Dato sensible: Aquel dato de car\u00e1cter personal que pueda revelar aspectos como el origen racial o \u00e9tnico, las opiniones pol\u00edticas o las convicciones religiosas o filos\u00f3ficas; as\u00ed como datos relativos a la salud o a la sexualidad y los datos biom\u00e9tricos, (huella digital, audio, video y\/o fotograf\u00eda).\u00a0<\/li>\n<\/ol>\n<p>\u00a0<\/p>\n<ol start=\"6\">\n<li>Pol\u00edtica de Protecci\u00f3n de Datos Personales: Corresponde al documento establecido por <strong>TRAIND EVOLUTION<\/strong> para el tratamiento de datos personales, procurando garantizar el respeto de los derechos de los titulares,<\/li>\n<\/ol>\n<p>\u00a0<\/p>\n<p><strong>INFORMACI\u00d3N GENERAL\u00a0<\/strong><\/p>\n<p>\u00a0<\/p>\n<p><strong>TRAIND EVOLUTION<\/strong> recomienda a los Usuarios leer cuidadosamente los T\u00e9rminos y Condiciones de Uso antes de usar nuestra plataforma, pues la creaci\u00f3n de un usuario y\/o cuenta implica la aceptaci\u00f3n de los T\u00e9rminos y Condiciones de Uso contenidos en el presente documento.\u00a0<\/p>\n<p>\u00a0<\/p>\n<p>Los Usuarios est\u00e1n obligados a conocer y respetar los T\u00e9rminos y Condiciones de Uso vigentes.<\/p>\n<p>\u00a0<\/p>\n<p>Los Usuarios de <strong>TRAIND EVOLUTION<\/strong> son responsables de cualquier actuaci\u00f3n efectuada con su Usuario. En consecuencia, la responsabilidad del manejo y confidencialidad de los usuarios y contrase\u00f1as recae \u00fanica y exclusivamente en el titular de la misma y no en <strong>TRAIND EVOLUTION<\/strong><\/p>\n<p>\u00a0<\/p>\n<p><strong>TRAIND EVOLUTION<\/strong> es accesible las veinticuatro (24) horas del d\u00eda, todos los d\u00edas del a\u00f1o, salvo los momentos en que se realicen mantenimientos programados de la plataforma los cuales ser\u00e1n previamente informados por <strong>TRAIND EVOLUTION<\/strong> a trav\u00e9s de su p\u00e1gina.\u00a0<\/p>\n<p>\u00a0<\/p>\n<p><strong>ACCESO A LA PLATAFORMA\u00a0<\/strong><\/p>\n<p>\u00a0<\/p>\n<p>Cualquier persona mayor de edad podr\u00e1 acceder a los servicios de <strong>TRAIND EVOLUTION<\/strong> siempre y cuando se aprueben los requisitos de membres\u00eda y tenga en cuenta las recomendaciones de salud de conformidad a las pol\u00edticas de acceso a la plataforma.<\/p>\n<p>\u00a0<\/p>\n<p>Nuestra recomendaci\u00f3n desde <strong>TEAM TRAIND<\/strong> es que consultes siempre con un m\u00e9dico del deporte o tu m\u00e9dico de cabecera antes de empezar cualquier programa de ejercicio. Si decides ejercitarte con los programas que ofrecemos a continuaci\u00f3n debes tener en cuenta que lo haces bajo tu propia responsabilidad y conocimiento de que el ejercicio puede llevar a cierto riesgo cardiovascular o lesiones osteomusculares especialmente si tienes alg\u00fan antecedente. Si en cualquier momento del desarrollo de este programa sientes alguna molestia como dolor en el pecho, mareo, malestar, dolor articular intenso y otro s\u00edntoma, te recomendamos descontinuar el ejercicio y consultar inmediatamente. As\u00ed mismo, te recomendamos ir de forma cautelosa con la realizaci\u00f3n de los ejercicios, seg\u00fan tus habilidades deportivas y nivel de acondicionamiento. Respecto al entrenamiento mental se aclara que son herramientas \u00fatiles para tu vida y bienestar mental, sin embargo, no reemplaza un manejo por psicolog\u00eda o psiquiatr\u00eda en caso\u00a0que cada persona lo requiera.\u00a0<\/p>\n<p>\u00a0<\/p>\n<p><strong>TEAM TRAIND<\/strong> se libera de cualquier responsabilidad o consecuencia resultante del no seguimiento de estas recomendaciones mencionadas previamente o advertencias, as\u00ed como las recomendaciones e instrucciones dadas en los videos previamente publicados).<\/p>\n<p>\u00a0<\/p>\n<p>De igual manera se recomienda el acceso a menores de edad a partir de los 13 a\u00f1os, los cuales deber\u00e1n estar debidamente autorizados por sus padres o representantes legales adem\u00e1s de tener en cuenta las recomendaciones de salud que <strong>TRAIND EVOLUTION<\/strong> informa si decides ejercitarte y la aceptaci\u00f3n de las diferentes formas de pago requeridas, de conformidad a las pol\u00edticas de pago para disfrutar de la membres\u00eda de <strong>TRAIND EVOLUTION.<\/strong><\/p>\n<p>\u00a0<\/p>\n<p>La creaci\u00f3n de Bases de Datos de Datos Personales Sensibles tendr\u00e1 una justificaci\u00f3n leg\u00edtima, as\u00ed como tambi\u00e9n una finalidad concreta y que desarrolle las actividades de <strong>TRAIND EVOLUTION<\/strong>. A fin de crear este tipo de Bases de Datos ser\u00e1 necesario contar con tu consentimiento expreso. Sin embargo, siempre debes tener en cuenta que no est\u00e1s obligado a autorizar su Tratamiento, pues su suministro es facultativo, y que <strong>TRAIND EVOLUTION<\/strong> asegura el respeto a los derechos fundamentales de los ni\u00f1os, ni\u00f1as y adolescentes y responde y respeta el inter\u00e9s superior de \u00e9stos. <strong>TRAIND EVOLUTION<\/strong> tambi\u00e9n validar\u00e1 que en los casos en que sea procedente el menor haya ejercido su derecho a ser escuchado.<\/p>\n<p>\u00a0<\/p>\n<p><strong>RECOPILACI\u00d3N DE INFORMACI\u00d3N DE MANERA DIRECTA<\/strong><\/p>\n<p>\u00a0<\/p>\n<p>Recopilamos la informaci\u00f3n personal de manera voluntaria cuando es proporcionada por el usuario mientras interact\u00faa en nuestro sitio web o aplicaciones. Por ejemplo, la persona interesada en los servicios de <strong>TRAIND EVOLUTION<\/strong> se registra para obtener una cuenta, se le pedir\u00e1 que proporcione informaci\u00f3n personal b\u00e1sica y de salud como parte de su inscripci\u00f3n, de esta forma poder proporcionar servicios de forma individualizada y segura para cada usuario.\u00a0<\/p>\n<p>\u00a0<\/p>\n<p>De igual manera se informa que para el acceso a la membres\u00eda el usuario puede registrar una forma de pago autorizada para realizar el d\u00e9bito de nuestros servicios de forma mensual o realizar un solo pago por el periodo de un mes sin la necesidad de registrar una forma de d\u00e9bito autom\u00e1tico.<\/p>\n<p>\u00a0<\/p>\n<p>El d\u00e9bito autom\u00e1tico se realizar\u00e1 por las diferentes plataformas autorizadas para tal fin, las cuales ser\u00e1n las responsables del manejo de la informaci\u00f3n financiera de cada usuario.<\/p>\n<p>\u00a0<\/p>\n<p><strong>RECOPILACI\u00d3N DE INFORMACI\u00d3N DE MANERA PASIVA<\/strong><\/p>\n<p>\u00a0<\/p>\n<p>Al acceder o utilizar los servicios contenidos dentro de los sitios web de <strong>TRAIND EVOLUTION<\/strong>, \u00e9sta podr\u00e1 recopilar informaci\u00f3n en forma pasiva (es decir, reunida sin que usted provea directamente la informaci\u00f3n) a trav\u00e9s de tecnolog\u00edas para el manejo de la informaci\u00f3n, tales como \u201ccookies\u201d, a trav\u00e9s de los cuales se recolecta informaci\u00f3n acerca del hardware y el software del equipo, direcci\u00f3n IP, tipo de explorador, sistema operativo, nombre de dominio, tiempo de acceso y las direcciones de los sitios web de procedencia. Mediante el uso de estas herramientas no se recolectan directamente datos personales de los usuarios. Tambi\u00e9n se recopilar\u00e1 informaci\u00f3n acerca de las p\u00e1ginas que la persona visita con mayor frecuencia en estos sitios web a efectos de conocer sus h\u00e1bitos de navegaci\u00f3n. No obstante, el usuario de los sitios web de <strong>TRAIND EVOLUTION <\/strong>tiene la posibilidad de configurar el funcionamiento de las \u201ccookies\u201d, de acuerdo con las opciones de su navegador de internet.\u00a0<\/p>\n<p>\u00a0<\/p>\n<p>Nosotros y nuestros proveedores de servicios externos recopilamos y utilizamos pasivamente la informaci\u00f3n en una variedad de maneras, incluyendo:\u00a0<\/p>\n<p>\u00a0<\/p>\n<p><strong>A trav\u00e9s de su navegador:<\/strong> Cierta informaci\u00f3n es recopilada por la mayor\u00eda de los navegadores, como su direcci\u00f3n de control de acceso a medios (Media Access Control, MAC), el tipo de computadora (Windows o Macintosh), la resoluci\u00f3n de pantalla, la versi\u00f3n del sistema operativo y el tipo y la versi\u00f3n del navegador de Internet. Podremos recopilar informaci\u00f3n similar, como por ejemplo su tipo de dispositivo e identificador o si accede al sitio a trav\u00e9s de un dispositivo m\u00f3vil.\u00a0<\/p>\n<p>\u00a0<\/p>\n<p><strong>Uso de cookies:<\/strong> Las cookies representan una compilaci\u00f3n de informaci\u00f3n almacenada directamente en la computadora que utilizas. Las cookies nos permiten recopilar informaci\u00f3n como el tipo de navegador, el tiempo de permanencia en el sitio, las p\u00e1ginas visitadas y las preferencias de idioma. Nosotros y nuestros proveedores de servicios utilizamos la informaci\u00f3n por motivos de seguridad, para facilitar la navegaci\u00f3n, mostrar informaci\u00f3n de forma m\u00e1s eficaz y para personalizar su experiencia al utilizar el sitio. Tambi\u00e9n utilizamos cookies para reconocer su computadora o dispositivo, lo que facilita su uso del sitio, como recordar lo que est\u00e1 en el carrito de compras. Adem\u00e1s, utilizamos cookies para obtener informaci\u00f3n estad\u00edstica sobre el uso del sitio a fin de mejorar continuamente su dise\u00f1o y funcionalidad, entender c\u00f3mo lo utilizan las personas y para ayudarnos a resolver preguntas sobre el mismo. Las cookies incluso nos permiten seleccionar cu\u00e1l de nuestros anuncios u ofertas tienen m\u00e1s probabilidades de atraerle y mostrarlos mientras te encuentras en el sitio. Tambi\u00e9n podremos utilizar cookies en la publicidad en l\u00ednea para rastrear las respuestas de los consumidores a nuestros anuncios.\u00a0<\/p>\n<p>\u00a0<\/p>\n<p>Puedes negarte a aceptar estas cookies siguiendo las instrucciones de tu navegador; sin embargo, si no las aceptas, podr\u00e1s experimentar algunos inconvenientes en su uso del sitio. Tambi\u00e9n es posible que no recibas la publicidad u otras ofertas de nosotros que son relevantes para sus intereses y necesidades.\u00a0<\/p>\n<p>\u00a0<\/p>\n<p><strong>Publicidad conductual en l\u00ednea:<\/strong> El uso de cookies, etiquetas de p\u00edxel, contadores de visitantes, GIF transparentes u otras tecnolog\u00edas similares permite a nuestros proveedores externos ofrecer anuncios sobre nuestros productos y servicios cuando visitas el sitio u otros sitios web o propiedades web a trav\u00e9s de Internet. Estos proveedores podr\u00e1n colocar etiquetas de p\u00edxel, contadores de visitas, GIF transparentes o tecnolog\u00edas similares en el sitio y otros sitios web o propiedades web, y tambi\u00e9n colocar o reconocer cookies de terceros cuando visitas el sitio u otros sitios o propiedades web. Podr\u00e1n utilizar informaci\u00f3n sobre tus visitas al sitio y otros sitios web o propiedades web para proporcionar anuncios sobre bienes y servicios que puedan ser de tu inter\u00e9s.\u00a0<\/p>\n<p>\u00a0<\/p>\n<p><strong>Direcci\u00f3n de IP:<\/strong> La direcci\u00f3n de IP es un n\u00famero que su proveedor de servicios de Internet (Internet Service Provider, ISP) asigna autom\u00e1ticamente a la computadora que est\u00e1 utilizando. Una direcci\u00f3n de IP se identifica y queda anotada autom\u00e1ticamente en nuestros archivos de registro de servidores cuando un usuario visita el sitio, junto con la hora de visita y la(s) p\u00e1gina(s) visitada(s). La recopilaci\u00f3n de direcciones de IP es una pr\u00e1ctica habitual en Internet y es realizada de forma autom\u00e1tica por muchos sitios web. Utilizamos las direcciones de IP para fines tales como calcular los niveles de uso del sitio, ayudar a diagnosticar problemas en el servidor y administrar el sitio.\u00a0<\/p>\n<p>\u00a0<\/p>\n<p><strong>Informaci\u00f3n del dispositivo:<\/strong> Podremos recopilar informaci\u00f3n sobre tu dispositivo m\u00f3vil, como un identificador de dispositivo \u00fanico.<\/p>\n<p>\u00a0<\/p>\n<p><strong>TRAIND EVOLUTION<\/strong> se reserva el derecho a modificar esta Pol\u00edtica. Mediante su publicaci\u00f3n en nuestra p\u00e1gina web se entender\u00e1 que has sido notificado de sus cambios. De igual manera, cualquier cambio en las condiciones particulares de privacidad de un pa\u00eds ser\u00e1n publicadas en la p\u00e1gina web<\/p>\n<p>\u00a0<\/p>\n<p><strong>CONDICIONES DE USO DE LA PLATAFORMA<\/strong><\/p>\n<p>\u00a0<\/p>\n<p><strong>TRAIND EVOLUTION<\/strong> brinda un servicio de suscripci\u00f3n personalizado que permite a nuestros usuarios acceder a sesiones de entrenamiento en casa en vivo, sesiones de meditaci\u00f3n y movilidad, biblioteca de rutinas para el GYM, plan b\u00e1sico de nutrici\u00f3n seg\u00fan objetivos, asesor\u00eda en medicina deportiva.<\/p>\n<p>\u00a0<\/p>\n<p>Los presentes T\u00e9rminos de uso rigen la utilizaci\u00f3n que haga de los servicios ofrecidos por nuestra plataforma, incluidas todas las caracter\u00edsticas y funcionalidades, recomendaciones y cr\u00edticas, nuestros sitios web y las interfaces de usuario, adem\u00e1s de todo el contenido y software asociado a nuestro servicio.<\/p>\n<p>\u00a0<\/p>\n<p>Su membres\u00eda a nuestra plataforma continuar\u00e1 hasta que la cancele. Para usar el servicio de <strong>TRAIND EVOLUTION<\/strong>, debe tener acceso a internet, y proporcionar una o m\u00e1s Formas de pago. \u201cForma de pago\u201d significa una forma de pago actual, v\u00e1lida y aceptada, que pueda actualizarse peri\u00f3dicamente y que admita pagos a trav\u00e9s de terceros. A menos que cancele su membres\u00eda antes de la fecha de facturaci\u00f3n o su suscripci\u00f3n sea realizada a trav\u00e9s de un \u00fanico pago de manera mensual, si el proceso de cancelaci\u00f3n no se realiza de conformidad a nuestras pol\u00edticas de cancelaci\u00f3n el usuario nos autoriza a cobrar la membres\u00eda del siguiente ciclo de facturaci\u00f3n a su Forma de pago, por lo anterior se sugiere tener en cuenta la pol\u00edtica de cancelaci\u00f3n que se informa posteriormente en este documento.<\/p>\n<p>\u00a0<\/p>\n<p><strong>TRAIND EVOLUTION<\/strong> ofrece dos formas para acceder a la membres\u00eda, la primera es la suscripci\u00f3n anual por d\u00e9bitos mensuales de cualquiera de las formas de pagos registradas en la plataforma por el usuario, la segunda es realizar la membres\u00eda anual a trav\u00e9s de un \u00fanico pago el cual le permitir\u00e1 disfrutar de nuestros servicios; ya sea en los dos casos el usuario podr\u00e1 cancelar su membres\u00eda en cualquier momento de conformidad a las condiciones de cancelaci\u00f3n que se mencionan posteriormente en este documento. \u00a0<\/p>\n<p>\u00a0<\/p>\n<p><strong>Ciclo de facturaci\u00f3n.<\/strong>\u00a0Los cargos de membres\u00eda por el servicio la plataforma y cualquier otro cargo en el que incurra en relaci\u00f3n con el uso que haga del servicio de <strong>TRAIND EVOLUTION<\/strong>, como impuestos y posibles gastos de transacci\u00f3n, se cobrar\u00e1n a su Forma de pago en la fecha de pago espec\u00edfica indicada en la p\u00e1gina \u201cCuenta\u201d. La duraci\u00f3n de su ciclo de facturaci\u00f3n depender\u00e1 del tipo de membres\u00eda que haya seleccionado al suscribirse al servicio. En ciertos casos, su fecha de pago podr\u00eda cambiar, por ejemplo, si no se pudo hacer el cobro con su Forma de pago satisfactoriamente, cuando cambie su plan de suscripci\u00f3n, o si su membres\u00eda pagada comenz\u00f3 un d\u00eda que no est\u00e1 incluido en un determinado mes. Podemos autorizar su Forma de pago antes del cobro relacionado con la membres\u00eda o el servicio a trav\u00e9s de varios m\u00e9todos, e incluso autorizarla para que dure aproximadamente un mes de servicio a partir de su registro si su forma de pago es sin registro de d\u00e9bito autom\u00e1tico.<\/p>\n<p><br \/><strong>Formas de pago.<\/strong>\u00a0Para usar el servicio de <strong>TRAIND EVOLUTION<\/strong> debe proveer una forma de pago o m\u00e1s. Nos autoriza a hacer cargos a cualquier forma de pago asociada con su cuenta en caso del rechazo o indisponibilidad de su forma de pago principal. Cualquier cargo pendiente le corresponder\u00e1 al usuario. Si el pago no se pudiera hacer satisfactoriamente, debido a la fecha de vencimiento, la falta de fondos o si usted no actualiza la informaci\u00f3n de su forma de pago o cancela su cuenta, podemos suspender su acceso al servicio hasta que obtengamos una forma de pago v\u00e1lida. Para algunas formas de pago, el emisor puede cobrar ciertos cargos, como cargos de transacci\u00f3n extranjera u otros cargos relacionados con el procesamiento de su forma de pago. Los impuestos locales var\u00edan en funci\u00f3n de la forma de pago usada. Consulte con el proveedor de servicios de su forma de pago para obtener informaci\u00f3n.<\/p>\n<p><br \/><strong>Cancelaci\u00f3n.<\/strong>\u00a0Puede cancelar la membres\u00eda de <strong>TRAIND EVOLUTION<\/strong> en cualquier momento, y continuar\u00e1 teniendo acceso al servicio hasta el final de su per\u00edodo de facturaci\u00f3n, siempre y cuando la cancelaci\u00f3n del servicio se realice cinco (5) d\u00edas antes a realizarse el d\u00e9bito de la forma de pago autorizada por el usuario. En la medida permitida por la ley aplicable, los pagos no son reembolsables y no se otorgar\u00e1n reembolsos ni cr\u00e9ditos por los periodos de membres\u00eda utilizados parcialmente. Para cancelar, visite la p\u00e1gina \u201cCuenta\u201d y siga las instrucciones. Si cancela su membres\u00eda, su cuenta se cerrar\u00e1 autom\u00e1ticamente al final de su per\u00edodo de facturaci\u00f3n actual.\u00a0<\/p>\n<p><br \/>Cambios en el precio y planes de suscripci\u00f3n.\u00a0Podemos cambiar nuestros planes de suscripci\u00f3n y el precio de nuestro servicio de vez en cuando. Sin embargo, cualquier cambio en los precios o en los planes de suscripci\u00f3n se aplicar\u00e1 no antes de los 30 d\u00edas siguientes a la notificaci\u00f3n.<\/p>\n<p>\u00a0<\/p>\n<p><strong>Reembolsos:<\/strong> los pagos no son reembolsables y no se otorgar\u00e1n reembolsos ni cr\u00e9ditos por los periodos de membres\u00eda utilizados parcialmente o por el contenido de <strong>TRAIND EVOLUTION<\/strong> no usado.<\/p>\n<p>\u00a0<\/p>\n<p><strong>SUSTENTO LEGAL<\/strong><\/p>\n<p>\u00a0<\/p>\n<p>El presente documento cumple para el caso de Colombia, con los requisitos establecido en la Ley 1851 de 2012, mediante la cual se establecen las disposiciones generales para la protecci\u00f3n de datos personales<\/p>\n<p>\u00a0<\/p>\t\t\t\t\t\t\t\t<\/div>\n\t\t\t\t<\/div>\n\t\t\t\t\t<\/div>\n\t\t<\/div>\n\t\t\t\t\t<\/div>\n\t\t<\/section>\n\t\t\t\t<\/div>\n\t\t","protected":false},"excerpt":{"rendered":"<p>POL\u00cdTICA DE TRATAMIENTO DE DATOS TRAIND EVOLUTION TRAIND EVOLUTION se compromete a conservar tu confianza al respetar y proteger tu privacidad. Esta Pol\u00edtica de Privacidad describe por qu\u00e9 y c\u00f3mo recopilamos, usamos, compartimos y protegemos la informaci\u00f3n personal recopilada de y sobre nuestros usuarios. Esta Pol\u00edtica de Privacidad tambi\u00e9n explica tus opciones sobre c\u00f3mo compartimos [&hellip;]<\/p>\n","protected":false},"author":8,"featured_media":0,"parent":0,"menu_order":0,"comment_status":"closed","ping_status":"closed","template":"elementor_header_footer","meta":{"pmpro_default_level":"","site-sidebar-layout":"default","site-content-layout":"default","ast-site-content-layout":"default","site-content-style":"default","site-sidebar-style":"default","ast-global-header-display":"","ast-banner-title-visibility":"","ast-main-header-display":"","ast-hfb-above-header-display":"","ast-hfb-below-header-display":"","ast-hfb-mobile-header-display":"","site-post-title":"","ast-breadcrumbs-content":"","ast-featured-img":"","footer-sml-layout":"","ast-disable-related-posts":"","theme-transparent-header-meta":"default","adv-header-id-meta":"","stick-header-meta":"","header-above-stick-meta":"","header-main-stick-meta":"","header-below-stick-meta":"","astra-migrate-meta-layouts":"default","ast-page-background-enabled":"default","ast-page-background-meta":{"desktop":{"background-color":"","background-image":"","background-repeat":"repeat","background-position":"center center","background-size":"auto","background-attachment":"scroll","background-type":"","background-media":"","overlay-type":"","overlay-color":"","overlay-opacity":"","overlay-gradient":""},"tablet":{"background-color":"","background-image":"","background-repeat":"repeat","background-position":"center center","background-size":"auto","background-attachment":"scroll","background-type":"","background-media":"","overlay-type":"","overlay-color":"","overlay-opacity":"","overlay-gradient":""},"mobile":{"background-color":"","background-image":"","background-repeat":"repeat","background-position":"center center","background-size":"auto","background-attachment":"scroll","background-type":"","background-media":"","overlay-type":"","overlay-color":"","overlay-opacity":"","overlay-gradient":""}},"ast-content-background-meta":{"desktop":{"background-color":"var(--ast-global-color-5)","background-image":"","background-repeat":"repeat","background-position":"center center","background-size":"auto","background-attachment":"scroll","background-type":"","background-media":"","overlay-type":"","overlay-color":"","overlay-opacity":"","overlay-gradient":""},"tablet":{"background-color":"var(--ast-global-color-5)","background-image":"","background-repeat":"repeat","background-position":"center center","background-size":"auto","background-attachment":"scroll","background-type":"","background-media":"","overlay-type":"","overlay-color":"","overlay-opacity":"","overlay-gradient":""},"mobile":{"background-color":"var(--ast-global-color-5)","background-image":"","background-repeat":"repeat","background-position":"center center","background-size":"auto","background-attachment":"scroll","background-type":"","background-media":"","overlay-type":"","overlay-color":"","overlay-opacity":"","overlay-gradient":""}},"_joinchat":[],"footnotes":""},"class_list":["post-3","page","type-page","status-publish","hentry","pmpro-has-access"],"jetpack_sharing_enabled":true,"_links":{"self":[{"href":"https:\/\/traindevolution.com\/internacional\/wp-json\/wp\/v2\/pages\/3","targetHints":{"allow":["GET"]}}],"collection":[{"href":"https:\/\/traindevolution.com\/internacional\/wp-json\/wp\/v2\/pages"}],"about":[{"href":"https:\/\/traindevolution.com\/internacional\/wp-json\/wp\/v2\/types\/page"}],"author":[{"embeddable":true,"href":"https:\/\/traindevolution.com\/internacional\/wp-json\/wp\/v2\/users\/8"}],"replies":[{"embeddable":true,"href":"https:\/\/traindevolution.com\/internacional\/wp-json\/wp\/v2\/comments?post=3"}],"version-history":[{"count":9,"href":"https:\/\/traindevolution.com\/internacional\/wp-json\/wp\/v2\/pages\/3\/revisions"}],"predecessor-version":[{"id":5879,"href":"https:\/\/traindevolution.com\/internacional\/wp-json\/wp\/v2\/pages\/3\/revisions\/5879"}],"wp:attachment":[{"href":"https:\/\/traindevolution.com\/internacional\/wp-json\/wp\/v2\/media?parent=3"}],"curies":[{"name":"wp","href":"https:\/\/api.w.org\/{rel}","templated":true}]}}